{"id":62,"date":"2026-01-20T17:36:27","date_gmt":"2026-01-20T17:36:27","guid":{"rendered":"https:\/\/ukrudtsfjerner-guide.dk\/index.php\/om-os\/"},"modified":"2026-01-20T18:18:58","modified_gmt":"2026-01-20T18:18:58","slug":"om-os","status":"publish","type":"page","link":"https:\/\/ukrudtsfjerner-guide.dk\/index.php\/om-os\/","title":{"rendered":"F&amp;Q"},"content":{"rendered":"\n<div class=\"wp-block-group alignwide is-layout-flow wp-container-core-group-is-layout-d58a0413 wp-block-group-is-layout-flow\" style=\"padding-top:var(--wp--preset--spacing--50);padding-bottom:var(--wp--preset--spacing--50)\">\n<h2 class=\"wp-block-heading has-x-large-font-size\">Ofte stillede sp\u00f8rgsm\u00e5l<\/h2>\n\n\n\n<div class=\"wp-block-columns is-layout-flex wp-container-core-columns-is-layout-cbe57604 wp-block-columns-is-layout-flex\">\n<div class=\"wp-block-column is-layout-flow wp-block-column-is-layout-flow\">\n<div class=\"wp-block-group is-layout-flow wp-block-group-is-layout-flow\" style=\"border-top-color:var(--wp--preset--color--accent-6);border-top-width:1px;padding-top:var(--wp--preset--spacing--30);padding-bottom:var(--wp--preset--spacing--30)\">\n<h3 class=\"wp-block-heading\">Virker ukrudtsfjernere egentlig?<\/h3>\n\n\n\n<p>Ja \u2013 men hvor godt de virker, afh\u00e6nger af typen og hvor ukrudtet sidder. Manuelle ukrudtsfjernere er gode til mindre omr\u00e5der og enkeltst\u00e5ende ukrudt, mens elektriske modeller er bedre, hvis du har st\u00f8rre flisearealer eller vil spare tid og kr\u00e6fter.<\/p>\n<\/div>\n<\/div>\n\n\n\n<div class=\"wp-block-column is-layout-flow wp-block-column-is-layout-flow\">\n<div class=\"wp-block-group is-layout-flow wp-block-group-is-layout-flow\" style=\"border-top-color:var(--wp--preset--color--accent-6);border-top-width:1px;padding-top:var(--wp--preset--spacing--30);padding-bottom:var(--wp--preset--spacing--30)\">\n<h3 class=\"wp-block-heading\">Hvad er forskellen p\u00e5 manuel og elektrisk ukrudtsfjerner?<\/h3>\n\n\n\n<p>En manuel ukrudtsfjerner kr\u00e6ver lidt mere arbejde, men er billig, st\u00f8jsvag og nem at bruge. Elektriske ukrudtsfjernere er hurtigere og mere effektive p\u00e5 st\u00f8rre arealer, men koster mere og larmer typisk lidt mere.<\/p>\n<\/div>\n<\/div>\n<\/div>\n\n\n\n<div class=\"wp-block-columns is-layout-flex wp-container-core-columns-is-layout-cbe57604 wp-block-columns-is-layout-flex\">\n<div class=\"wp-block-column is-layout-flow wp-block-column-is-layout-flow\">\n<div class=\"wp-block-group is-layout-flow wp-block-group-is-layout-flow\" style=\"border-top-color:var(--wp--preset--color--accent-6);border-top-width:1px;padding-top:var(--wp--preset--spacing--30);padding-bottom:var(--wp--preset--spacing--30)\">\n<h3 class=\"wp-block-heading\">\u00d8del\u00e6gger de fliserne?<\/h3>\n\n\n\n<p>De fleste modeller er lavet til fliser og bel\u00e6gning og slider ikke un\u00f8digt, hvis de bruges korrekt. Det er dog en god id\u00e9 ikke at presse for h\u00e5rdt og at f\u00f8lge producentens anbefalinger \u2013 is\u00e6r ved elektriske modeller.<\/p>\n<\/div>\n<\/div>\n\n\n\n<div class=\"wp-block-column is-layout-flow wp-block-column-is-layout-flow\">\n<div class=\"wp-block-group is-layout-flow wp-block-group-is-layout-flow\" style=\"border-top-color:var(--wp--preset--color--accent-6);border-top-width:1px;padding-top:var(--wp--preset--spacing--30);padding-bottom:var(--wp--preset--spacing--30)\">\n<h3 class=\"wp-block-heading\">Kan man fjerne ukrudt uden kemikalier?<\/h3>\n\n\n\n<p>Ja. Alle produkterne p\u00e5 denne side fjerner ukrudt mekanisk eller med varme\/rotation \u2013 uden brug af spr\u00f8jtemidler. Det er ofte en mere milj\u00f8venlig l\u00f8sning, is\u00e6r t\u00e6t p\u00e5 hus og terrasse.<\/p>\n<\/div>\n<\/div>\n<\/div>\n<\/div>\n","protected":false},"excerpt":{"rendered":"<p>Ofte stillede sp\u00f8rgsm\u00e5l Virker ukrudtsfjernere egentlig? Ja \u2013 men hvor godt de virker, afh\u00e6nger af typen og hvor ukrudtet sidder. Manuelle ukrudtsfjernere er gode til mindre omr\u00e5der og enkeltst\u00e5ende ukrudt, mens elektriske modeller er bedre, hvis du har st\u00f8rre flisearealer eller vil spare tid og kr\u00e6fter. Hvad er forskellen p\u00e5 manuel og elektrisk ukrudtsfjerner? En [&hellip;]<\/p>\n","protected":false},"author":1,"featured_media":0,"parent":0,"menu_order":0,"comment_status":"closed","ping_status":"closed","template":"","meta":{"footnotes":""},"class_list":["post-62","page","type-page","status-publish","hentry"],"_links":{"self":[{"href":"https:\/\/ukrudtsfjerner-guide.dk\/index.php\/wp-json\/wp\/v2\/pages\/62","targetHints":{"allow":["GET"]}}],"collection":[{"href":"https:\/\/ukrudtsfjerner-guide.dk\/index.php\/wp-json\/wp\/v2\/pages"}],"about":[{"href":"https:\/\/ukrudtsfjerner-guide.dk\/index.php\/wp-json\/wp\/v2\/types\/page"}],"author":[{"embeddable":true,"href":"https:\/\/ukrudtsfjerner-guide.dk\/index.php\/wp-json\/wp\/v2\/users\/1"}],"replies":[{"embeddable":true,"href":"https:\/\/ukrudtsfjerner-guide.dk\/index.php\/wp-json\/wp\/v2\/comments?post=62"}],"version-history":[{"count":3,"href":"https:\/\/ukrudtsfjerner-guide.dk\/index.php\/wp-json\/wp\/v2\/pages\/62\/revisions"}],"predecessor-version":[{"id":89,"href":"https:\/\/ukrudtsfjerner-guide.dk\/index.php\/wp-json\/wp\/v2\/pages\/62\/revisions\/89"}],"wp:attachment":[{"href":"https:\/\/ukrudtsfjerner-guide.dk\/index.php\/wp-json\/wp\/v2\/media?parent=62"}],"curies":[{"name":"wp","href":"https:\/\/api.w.org\/{rel}","templated":true}]}}